{"id":5229,"date":"2017-03-06T11:27:35","date_gmt":"2017-03-06T10:27:35","guid":{"rendered":"https:\/\/www.grouperose.com\/en\/?page_id=5229"},"modified":"2020-09-15T13:51:22","modified_gmt":"2020-09-15T12:51:22","slug":"the-rose-group","status":"publish","type":"page","link":"https:\/\/www.grouperose.com\/en\/the-rose-group\/","title":{"rendered":"The ROSE GROUP"},"content":{"rendered":"\n<style type=\"text\/css\" data-created_by=\"avia_inline_auto\" id=\"style-css-av-evf6vd-2be906fec3b4ae99dfbb1f7d3952b918\">\n.flex_column.av-evf6vd-2be906fec3b4ae99dfbb1f7d3952b918{\nborder-radius:0px 0px 0px 0px;\npadding:0px 0px 0px 0px;\n}\n<\/style>\n<div  class='flex_column av-evf6vd-2be906fec3b4ae99dfbb1f7d3952b918 av_one_full  avia-builder-el-0  el_before_av_one_third  avia-builder-el-first  first flex_column_div av-zero-column-padding  '     ><section  class='av_textblock_section av-c8o9nt-33a8f840a5943a1ad911a131ed1fb41a '   itemscope=\"itemscope\" itemtype=\"https:\/\/schema.org\/CreativeWork\" ><div class='avia_textblock'  itemprop=\"text\" ><h2>Un groupe d&#8217;envergure&#8230; \u00e0 taille humaine<\/h2>\n<p>Sp\u00e9cialis\u00e9 dans la construction bois depuis 1949, le Groupe ROSE, implant\u00e9 dans les c\u00f4tes d&#8217;Armor (Lamballe), ne cesse de se diversifier et de se d\u00e9velopper sur son territoire et \u00e0 l&#8217;international.<\/p>\n<p>Cette croissance r\u00e9sulte de l&#8217;aventure d&#8217;hommes et de femmes, contribuant au quotidien, par leur savoir-faire, \u00e0 l&#8217;excellence des produits et au d\u00e9veloppement des activit\u00e9s de l&#8217;entreprise. Le Groupe familial place le capital humain au c\u0153ur de l&#8217;entreprise et veille au respect de ses valeurs et de ses engagements.<\/p>\n<\/div><\/section><\/div>\n\n<style type=\"text\/css\" data-created_by=\"avia_inline_auto\" id=\"style-css-av-b78bfd-3c26bb12c25367f18d744b53b1481109\">\n.flex_column.av-b78bfd-3c26bb12c25367f18d744b53b1481109{\nborder-radius:0px 0px 0px 0px;\npadding:0px 0px 0px 0px;\n}\n<\/style>\n<div  class='flex_column av-b78bfd-3c26bb12c25367f18d744b53b1481109 av_one_third  avia-builder-el-2  el_after_av_one_full  el_before_av_one_third  first flex_column_div av-zero-column-padding  column-top-margin'     ><style type=\"text\/css\" data-created_by=\"avia_inline_auto\" id=\"style-css-av-8rst8p-716b3abf2805bba4cf93e58fa4d409b4\">\n.avia-image-container.av-8rst8p-716b3abf2805bba4cf93e58fa4d409b4 img.avia_image{\nbox-shadow:none;\n}\n.avia-image-container.av-8rst8p-716b3abf2805bba4cf93e58fa4d409b4 .av-caption-image-overlay-bg{\nopacity:0.4;\nbackground-color:#000000;\n}\n.avia-image-container.av-8rst8p-716b3abf2805bba4cf93e58fa4d409b4 .av-image-caption-overlay-center{\ncolor:#ffffff;\n}\n<\/style>\n<div  class='avia-image-container av-8rst8p-716b3abf2805bba4cf93e58fa4d409b4 av-styling- av-img-linked avia-align-center  avia-builder-el-3  avia-builder-el-no-sibling  noHover av-overlay-hover-deactivate'   itemprop=\"image\" itemscope=\"itemscope\" itemtype=\"https:\/\/schema.org\/ImageObject\" ><div class=\"avia-image-container-inner\"><div class=\"avia-image-overlay-wrap\"><a href=\"https:\/\/www.grouperose.com\/en\/the-rose-group\/history\/\" class='avia_image '  aria-label='GROUPE-ROSE-historique-batiment-NB-290x127'><div class=\"av-image-caption-overlay\"><div class=\"av-caption-image-overlay-bg\"><\/div><div class=\"av-image-caption-overlay-position\"><div class=\"av-image-caption-overlay-center\"><p>Historique<\/p>\n<\/div><\/div><\/div><img decoding=\"async\" fetchpriority=\"high\" class='wp-image-5094 avia-img-lazy-loading-not-5094 avia_image ' src=\"https:\/\/www.grouperose.com\/wp-content\/uploads\/2016\/07\/GROUPE-ROSE-historique-batiment-NB-290x127.jpg\" alt='' title='GROUPE-ROSE-historique-batiment-NB-290x127'  height=\"127\" width=\"290\"  itemprop=\"thumbnailUrl\"  \/><\/a><\/div><\/div><\/div><\/div>\n<style type=\"text\/css\" data-created_by=\"avia_inline_auto\" id=\"style-css-av-6wd99l-3d60866306a12531381babc6a60e3af0\">\n.flex_column.av-6wd99l-3d60866306a12531381babc6a60e3af0{\nborder-radius:0px 0px 0px 0px;\npadding:0px 0px 0px 0px;\n}\n<\/style>\n<div  class='flex_column av-6wd99l-3d60866306a12531381babc6a60e3af0 av_one_third  avia-builder-el-4  el_after_av_one_third  el_before_av_one_third  flex_column_div av-zero-column-padding  column-top-margin'     ><style type=\"text\/css\" data-created_by=\"avia_inline_auto\" id=\"style-css-av-n31o9-15bea360821f31ec5eb57fe029807b6c\">\n.avia-image-container.av-n31o9-15bea360821f31ec5eb57fe029807b6c img.avia_image{\nbox-shadow:none;\n}\n.avia-image-container.av-n31o9-15bea360821f31ec5eb57fe029807b6c .av-caption-image-overlay-bg{\nopacity:0.4;\nbackground-color:#000000;\n}\n.avia-image-container.av-n31o9-15bea360821f31ec5eb57fe029807b6c .av-image-caption-overlay-center{\ncolor:#ffffff;\n}\n<\/style>\n<div  class='avia-image-container av-n31o9-15bea360821f31ec5eb57fe029807b6c av-styling- av-img-linked avia-align-center  avia-builder-el-5  avia-builder-el-no-sibling  noHover av-overlay-hover-deactivate'   itemprop=\"image\" itemscope=\"itemscope\" itemtype=\"https:\/\/schema.org\/ImageObject\" ><div class=\"avia-image-container-inner\"><div class=\"avia-image-overlay-wrap\"><a href=\"https:\/\/www.grouperose.com\/en\/the-rose-group\/key-figures\/\" class='avia_image '  aria-label='Photo-porcherie-290x127'><div class=\"av-image-caption-overlay\"><div class=\"av-caption-image-overlay-bg\"><\/div><div class=\"av-image-caption-overlay-position\"><div class=\"av-image-caption-overlay-center\"><p>Chiffres cl\u00e9s<\/p>\n<\/div><\/div><\/div><img decoding=\"async\" fetchpriority=\"high\" class='wp-image-4812 avia-img-lazy-loading-not-4812 avia_image ' src=\"https:\/\/www.grouperose.com\/wp-content\/uploads\/2017\/01\/Photo-porcherie-290x127.jpg\" alt='' title='Photo-porcherie-290x127'  height=\"127\" width=\"290\"  itemprop=\"thumbnailUrl\"  \/><\/a><\/div><\/div><\/div><\/div><\/p>\n\n<style type=\"text\/css\" data-created_by=\"avia_inline_auto\" id=\"style-css-av-4frbax-3b5fa1a57b2949e674179bbe6c8199e3\">\n.flex_column.av-4frbax-3b5fa1a57b2949e674179bbe6c8199e3{\nborder-radius:0px 0px 0px 0px;\npadding:0px 0px 0px 0px;\n}\n<\/style>\n<div  class='flex_column av-4frbax-3b5fa1a57b2949e674179bbe6c8199e3 av_one_third  avia-builder-el-6  el_after_av_one_third  avia-builder-el-last  flex_column_div av-zero-column-padding  column-top-margin'     ><style type=\"text\/css\" data-created_by=\"avia_inline_auto\" id=\"style-css-av-2hclax-0b2cfaa1b9fe6a18d92aa4d758c2cfdd\">\n.avia-image-container.av-2hclax-0b2cfaa1b9fe6a18d92aa4d758c2cfdd img.avia_image{\nbox-shadow:none;\n}\n.avia-image-container.av-2hclax-0b2cfaa1b9fe6a18d92aa4d758c2cfdd .av-caption-image-overlay-bg{\nopacity:0.4;\nbackground-color:#000000;\n}\n.avia-image-container.av-2hclax-0b2cfaa1b9fe6a18d92aa4d758c2cfdd .av-image-caption-overlay-center{\ncolor:#ffffff;\n}\n<\/style>\n<div  class='avia-image-container av-2hclax-0b2cfaa1b9fe6a18d92aa4d758c2cfdd av-styling- av-img-linked avia-align-center  avia-builder-el-7  avia-builder-el-no-sibling  noHover av-overlay-hover-deactivate'   itemprop=\"image\" itemscope=\"itemscope\" itemtype=\"https:\/\/schema.org\/ImageObject\" ><div class=\"avia-image-container-inner\"><div class=\"avia-image-overlay-wrap\"><a href=\"https:\/\/www.grouperose.com\/en\/the-rose-group\/expertise\/\" class='avia_image '  aria-label='groupe-rose-savoir-faire-290x127'><div class=\"av-image-caption-overlay\"><div class=\"av-caption-image-overlay-bg\"><\/div><div class=\"av-image-caption-overlay-position\"><div class=\"av-image-caption-overlay-center\"><p>Savoir-faire<\/p>\n<\/div><\/div><\/div><img decoding=\"async\" fetchpriority=\"high\" class='wp-image-3580 avia-img-lazy-loading-not-3580 avia_image ' src=\"https:\/\/www.grouperose.com\/wp-content\/uploads\/2016\/10\/GROUPE-ROSE-savoir-faire-290x127.jpg\" alt='' title='groupe-rose-savoir-faire-290x127'  height=\"127\" width=\"290\"  itemprop=\"thumbnailUrl\"  \/><\/a><\/div><\/div><\/div><\/div>\n","protected":false},"excerpt":{"rendered":"","protected":false},"author":1,"featured_media":0,"parent":0,"menu_order":0,"comment_status":"closed","ping_status":"closed","template":"","meta":{"_acf_changed":false,"footnotes":"","_links_to":"","_links_to_target":""},"class_list":["post-5229","page","type-page","status-publish","hentry"],"acf":[],"_links":{"self":[{"href":"https:\/\/www.grouperose.com\/en\/wp-json\/wp\/v2\/pages\/5229","targetHints":{"allow":["GET"]}}],"collection":[{"href":"https:\/\/www.grouperose.com\/en\/wp-json\/wp\/v2\/pages"}],"about":[{"href":"https:\/\/www.grouperose.com\/en\/wp-json\/wp\/v2\/types\/page"}],"author":[{"embeddable":true,"href":"https:\/\/www.grouperose.com\/en\/wp-json\/wp\/v2\/users\/1"}],"replies":[{"embeddable":true,"href":"https:\/\/www.grouperose.com\/en\/wp-json\/wp\/v2\/comments?post=5229"}],"version-history":[{"count":0,"href":"https:\/\/www.grouperose.com\/en\/wp-json\/wp\/v2\/pages\/5229\/revisions"}],"wp:attachment":[{"href":"https:\/\/www.grouperose.com\/en\/wp-json\/wp\/v2\/media?parent=5229"}],"curies":[{"name":"wp","href":"https:\/\/api.w.org\/{rel}","templated":true}]}}