{"id":5338,"date":"2017-03-07T12:24:08","date_gmt":"2017-03-07T11:24:08","guid":{"rendered":"https:\/\/www.grouperose.com\/en\/?page_id=5338"},"modified":"2020-09-15T13:59:05","modified_gmt":"2020-09-15T12:59:05","slug":"isolr","status":"publish","type":"page","link":"https:\/\/www.grouperose.com\/en\/our-companies\/rose-charpente\/what-we-offer\/related-products\/isolr\/","title":{"rendered":"Isol&#8217;R +"},"content":{"rendered":"\n<style type=\"text\/css\" data-created_by=\"avia_inline_auto\" id=\"style-css-av-av_one_half-9497bbf8bff73ea4c6992cc17fa9ec36\">\n.flex_column.av-av_one_half-9497bbf8bff73ea4c6992cc17fa9ec36{\nborder-radius:0px 0px 0px 0px;\npadding:0px 0px 0px 0px;\n}\n<\/style>\n<div  class='flex_column av-av_one_half-9497bbf8bff73ea4c6992cc17fa9ec36 av_one_half  avia-builder-el-0  el_before_av_one_half  avia-builder-el-first  first flex_column_div av-zero-column-padding  '     ><style type=\"text\/css\" data-created_by=\"avia_inline_auto\" id=\"style-css-av-av_gallery-85bb532eab5a1f02fe669ef6fa571375\">\n#top .avia-gallery.av-av_gallery-85bb532eab5a1f02fe669ef6fa571375 .avia-gallery-thumb a{\nwidth:25%;\n}\n<\/style>\n<div  class='avia-gallery av-av_gallery-85bb532eab5a1f02fe669ef6fa571375 avia_animate_when_visible  avia-builder-el-1  avia-builder-el-no-sibling  avia_lazyload av-slideshow-ui av-loop-manual-endless av-control-hidden av-navigate-arrows av-navigate-dots hover-effect av-control-hidden avia-gallery-animate avia-gallery-1'  itemprop=\"image\" itemscope=\"itemscope\" itemtype=\"https:\/\/schema.org\/ImageObject\" ><meta itemprop=\"contentURL\" content=\"https:\/\/www.grouperose.com\/en\/our-companies\/rose-charpente\/what-we-offer\/related-products\/isolr\/\"><div class='avia-gallery-big-wrapper'><a class='avia-gallery-big fakeLightbox lightbox avia-gallery-big-crop-thumb ' href=\"https:\/\/www.grouperose.com\/wp-content\/uploads\/2017\/01\/COUVERTURE-isolation-600x600.jpg\" data-srcset=\"https:\/\/www.grouperose.com\/wp-content\/uploads\/2017\/01\/COUVERTURE-isolation-600x600.jpg 600w, https:\/\/www.grouperose.com\/wp-content\/uploads\/2017\/01\/COUVERTURE-isolation-600x600-80x80.jpg 80w, https:\/\/www.grouperose.com\/wp-content\/uploads\/2017\/01\/COUVERTURE-isolation-600x600-300x300.jpg 300w, https:\/\/www.grouperose.com\/wp-content\/uploads\/2017\/01\/COUVERTURE-isolation-600x600-36x36.jpg 36w, https:\/\/www.grouperose.com\/wp-content\/uploads\/2017\/01\/COUVERTURE-isolation-600x600-180x180.jpg 180w, https:\/\/www.grouperose.com\/wp-content\/uploads\/2017\/01\/COUVERTURE-isolation-600x600-120x120.jpg 120w, https:\/\/www.grouperose.com\/wp-content\/uploads\/2017\/01\/COUVERTURE-isolation-600x600-450x450.jpg 450w\" data-sizes=\"(max-width: 600px) 100vw, 600px\"  data-onclick='1' title='Isol&#8217;R + ' ><span class='avia-gallery-big-inner'  itemprop=\"thumbnailUrl\" ><img decoding=\"async\" fetchpriority=\"high\" class=\"wp-image-4682 avia-img-lazy-loading-not-4682\"  width=\"495\" height=\"400\" src=\"https:\/\/www.grouperose.com\/wp-content\/uploads\/2017\/01\/COUVERTURE-isolation-600x600-495x400.jpg\" title='COUVERTURE-isolation-600x600' alt='' \/><span class='avia-gallery-caption'>Isol&#8217;R + <\/span><\/span><\/a><\/div><div class='avia-gallery-thumb'><a href=\"https:\/\/www.grouperose.com\/wp-content\/uploads\/2017\/01\/COUVERTURE-isolation-600x600.jpg\" data-srcset=\"https:\/\/www.grouperose.com\/wp-content\/uploads\/2017\/01\/COUVERTURE-isolation-600x600.jpg 600w, https:\/\/www.grouperose.com\/wp-content\/uploads\/2017\/01\/COUVERTURE-isolation-600x600-80x80.jpg 80w, https:\/\/www.grouperose.com\/wp-content\/uploads\/2017\/01\/COUVERTURE-isolation-600x600-300x300.jpg 300w, https:\/\/www.grouperose.com\/wp-content\/uploads\/2017\/01\/COUVERTURE-isolation-600x600-36x36.jpg 36w, https:\/\/www.grouperose.com\/wp-content\/uploads\/2017\/01\/COUVERTURE-isolation-600x600-180x180.jpg 180w, https:\/\/www.grouperose.com\/wp-content\/uploads\/2017\/01\/COUVERTURE-isolation-600x600-120x120.jpg 120w, https:\/\/www.grouperose.com\/wp-content\/uploads\/2017\/01\/COUVERTURE-isolation-600x600-450x450.jpg 450w\" data-sizes=\"(max-width: 600px) 100vw, 600px\" data-rel='gallery-1' data-prev-img='https:\/\/www.grouperose.com\/wp-content\/uploads\/2017\/01\/COUVERTURE-isolation-600x600-495x400.jpg' class='first_thumb lightbox ' data-onclick='1' title='Isol&#8217;R + '  itemprop=\"thumbnailUrl\"  ><img decoding=\"async\" fetchpriority=\"high\" class=\"wp-image-4682 avia-img-lazy-loading-not-4682\"  data-avia-tooltip='Isol&#8217;R + ' src=\"https:\/\/www.grouperose.com\/wp-content\/uploads\/2017\/01\/COUVERTURE-isolation-600x600-495x400.jpg\" width=\"495\" height=\"400\"  title='COUVERTURE-isolation-600x600' alt='' \/><div class='big-prev-fake'><img decoding=\"async\" loading=\"lazy\" class=\"wp-image-4682 avia-img-lazy-loading-4682\"  width=\"495\" height=\"400\" src=\"https:\/\/www.grouperose.com\/wp-content\/uploads\/2017\/01\/COUVERTURE-isolation-600x600-495x400.jpg\" title='COUVERTURE-isolation-600x600' alt='' \/><\/div><\/a><a href=\"https:\/\/www.grouperose.com\/wp-content\/uploads\/2017\/01\/isolr-2-600-x-600-1.jpg\" data-srcset=\"https:\/\/www.grouperose.com\/wp-content\/uploads\/2017\/01\/isolr-2-600-x-600-1.jpg 600w, https:\/\/www.grouperose.com\/wp-content\/uploads\/2017\/01\/isolr-2-600-x-600-1-80x80.jpg 80w, https:\/\/www.grouperose.com\/wp-content\/uploads\/2017\/01\/isolr-2-600-x-600-1-300x300.jpg 300w, https:\/\/www.grouperose.com\/wp-content\/uploads\/2017\/01\/isolr-2-600-x-600-1-36x36.jpg 36w, https:\/\/www.grouperose.com\/wp-content\/uploads\/2017\/01\/isolr-2-600-x-600-1-180x180.jpg 180w, https:\/\/www.grouperose.com\/wp-content\/uploads\/2017\/01\/isolr-2-600-x-600-1-120x120.jpg 120w, https:\/\/www.grouperose.com\/wp-content\/uploads\/2017\/01\/isolr-2-600-x-600-1-450x450.jpg 450w\" data-sizes=\"(max-width: 600px) 100vw, 600px\" data-rel='gallery-1' data-prev-img='https:\/\/www.grouperose.com\/wp-content\/uploads\/2017\/01\/isolr-2-600-x-600-1-495x400.jpg' class='lightbox ' data-onclick='2' title='Tenue et \u00e9tanch\u00e9it\u00e9 '  itemprop=\"thumbnailUrl\"  ><img decoding=\"async\" fetchpriority=\"high\" class=\"wp-image-4426 avia-img-lazy-loading-not-4426\"  data-avia-tooltip='Tenue et \u00e9tanch\u00e9it\u00e9 ' src=\"https:\/\/www.grouperose.com\/wp-content\/uploads\/2017\/01\/isolr-2-600-x-600-1-495x400.jpg\" width=\"495\" height=\"400\"  title='isol&#039;r-2-600-x-600' alt='' \/><div class='big-prev-fake'><img decoding=\"async\" loading=\"lazy\" class=\"wp-image-4426 avia-img-lazy-loading-4426\"  width=\"495\" height=\"400\" src=\"https:\/\/www.grouperose.com\/wp-content\/uploads\/2017\/01\/isolr-2-600-x-600-1-495x400.jpg\" title='isol&#039;r-2-600-x-600' alt='' \/><\/div><\/a><a href=\"https:\/\/www.grouperose.com\/wp-content\/uploads\/2017\/01\/Isolr-Resistant-1.jpg\" data-srcset=\"https:\/\/www.grouperose.com\/wp-content\/uploads\/2017\/01\/Isolr-Resistant-1.jpg 600w, https:\/\/www.grouperose.com\/wp-content\/uploads\/2017\/01\/Isolr-Resistant-1-80x80.jpg 80w, https:\/\/www.grouperose.com\/wp-content\/uploads\/2017\/01\/Isolr-Resistant-1-300x300.jpg 300w, https:\/\/www.grouperose.com\/wp-content\/uploads\/2017\/01\/Isolr-Resistant-1-36x36.jpg 36w, https:\/\/www.grouperose.com\/wp-content\/uploads\/2017\/01\/Isolr-Resistant-1-180x180.jpg 180w, https:\/\/www.grouperose.com\/wp-content\/uploads\/2017\/01\/Isolr-Resistant-1-120x120.jpg 120w, https:\/\/www.grouperose.com\/wp-content\/uploads\/2017\/01\/Isolr-Resistant-1-450x450.jpg 450w\" data-sizes=\"(max-width: 600px) 100vw, 600px\" data-rel='gallery-1' data-prev-img='https:\/\/www.grouperose.com\/wp-content\/uploads\/2017\/01\/Isolr-Resistant-1-495x400.jpg' class='lightbox ' data-onclick='3' title='R\u00e9sistant '  itemprop=\"thumbnailUrl\"  ><img decoding=\"async\" fetchpriority=\"high\" class=\"wp-image-4428 avia-img-lazy-loading-not-4428\"  data-avia-tooltip='R\u00e9sistant ' src=\"https:\/\/www.grouperose.com\/wp-content\/uploads\/2017\/01\/Isolr-Resistant-1-495x400.jpg\" width=\"495\" height=\"400\"  title='Isol&#039;r-Resistant' alt='' \/><div class='big-prev-fake'><img decoding=\"async\" loading=\"lazy\" class=\"wp-image-4428 avia-img-lazy-loading-4428\"  width=\"495\" height=\"400\" src=\"https:\/\/www.grouperose.com\/wp-content\/uploads\/2017\/01\/Isolr-Resistant-1-495x400.jpg\" title='Isol&#039;r-Resistant' alt='' \/><\/div><\/a><a href=\"https:\/\/www.grouperose.com\/wp-content\/uploads\/2017\/01\/Isolr-600-x-600-1.jpg\" data-srcset=\"https:\/\/www.grouperose.com\/wp-content\/uploads\/2017\/01\/Isolr-600-x-600-1.jpg 600w, https:\/\/www.grouperose.com\/wp-content\/uploads\/2017\/01\/Isolr-600-x-600-1-80x80.jpg 80w, https:\/\/www.grouperose.com\/wp-content\/uploads\/2017\/01\/Isolr-600-x-600-1-300x300.jpg 300w, https:\/\/www.grouperose.com\/wp-content\/uploads\/2017\/01\/Isolr-600-x-600-1-36x36.jpg 36w, https:\/\/www.grouperose.com\/wp-content\/uploads\/2017\/01\/Isolr-600-x-600-1-180x180.jpg 180w, https:\/\/www.grouperose.com\/wp-content\/uploads\/2017\/01\/Isolr-600-x-600-1-120x120.jpg 120w, https:\/\/www.grouperose.com\/wp-content\/uploads\/2017\/01\/Isolr-600-x-600-1-450x450.jpg 450w\" data-sizes=\"(max-width: 600px) 100vw, 600px\" data-rel='gallery-1' data-prev-img='https:\/\/www.grouperose.com\/wp-content\/uploads\/2017\/01\/Isolr-600-x-600-1-495x400.jpg' class='lightbox ' data-onclick='4' title='Maintien et s\u00e9curit\u00e9 '  itemprop=\"thumbnailUrl\"  ><img decoding=\"async\" fetchpriority=\"high\" class=\"wp-image-4427 avia-img-lazy-loading-not-4427\"  data-avia-tooltip='Maintien et s\u00e9curit\u00e9 ' src=\"https:\/\/www.grouperose.com\/wp-content\/uploads\/2017\/01\/Isolr-600-x-600-1-495x400.jpg\" width=\"495\" height=\"400\"  title='Isolr-600-x-600' alt='' \/><div class='big-prev-fake'><img decoding=\"async\" loading=\"lazy\" class=\"wp-image-4427 avia-img-lazy-loading-4427\"  width=\"495\" height=\"400\" src=\"https:\/\/www.grouperose.com\/wp-content\/uploads\/2017\/01\/Isolr-600-x-600-1-495x400.jpg\" title='Isolr-600-x-600' alt='' \/><\/div><\/a><\/div><\/div><\/div>\n\n<style type=\"text\/css\" data-created_by=\"avia_inline_auto\" id=\"style-css-av-av_one_half-9c1d454dc06f7247226bc4e8f931daae\">\n.flex_column.av-av_one_half-9c1d454dc06f7247226bc4e8f931daae{\nborder-radius:0px 0px 0px 0px;\npadding:0px 0px 0px 0px;\n}\n<\/style>\n<div  class='flex_column av-av_one_half-9c1d454dc06f7247226bc4e8f931daae av_one_half  avia-builder-el-2  el_after_av_one_half  el_before_av_one_full  flex_column_div av-zero-column-padding  '     ><p>\n<style type=\"text\/css\" data-created_by=\"avia_inline_auto\" id=\"style-css-av-av_heading-695041ae1e52fde2d50a3232f655f415\">\n#top .av-special-heading.av-av_heading-695041ae1e52fde2d50a3232f655f415{\npadding-bottom:10px;\n}\nbody .av-special-heading.av-av_heading-695041ae1e52fde2d50a3232f655f415 .av-special-heading-tag .heading-char{\nfont-size:25px;\n}\n.av-special-heading.av-av_heading-695041ae1e52fde2d50a3232f655f415 .av-subheading{\nfont-size:15px;\n}\n<\/style>\n<div  class='av-special-heading av-av_heading-695041ae1e52fde2d50a3232f655f415 av-special-heading-h3 blockquote modern-quote  avia-builder-el-3  el_before_av_textblock  avia-builder-el-first '><h3 class='av-special-heading-tag '  itemprop=\"headline\"  >TECHNICAL SPECIFICATIONS<\/h3><div class=\"special-heading-border\"><div class=\"special-heading-inner-border\"><\/div><\/div><\/div><br \/>\n<section  class='av_textblock_section av-av_textblock-0366cc7376be6c9e82a3e9cc8987b64f '   itemscope=\"itemscope\" itemtype=\"https:\/\/schema.org\/CreativeWork\" ><div class='avia_textblock'  itemprop=\"text\" ><ul>\n<li>Rigid polyisocyanurate (PIR) foam insulating panel<\/li>\n<li>2 aluminium faces<\/li>\n<li>Installed between I-shaped purlins to hold panels in place and ensure a better seal<\/li>\n<li>Effective insulation: R = 1.75 and 2 (depending on thickness)<\/li>\n<li>Excellent fire behaviour: Euroclass D (reference for insurers)<\/li>\n<li>No deformation over time and safer rooftop work<\/li>\n<\/ul>\n<\/div><\/section><br \/>\n\n<style type=\"text\/css\" data-created_by=\"avia_inline_auto\" id=\"style-css-av-av_heading-1985d42ff4cf5465543f9c71876a03e1\">\n#top .av-special-heading.av-av_heading-1985d42ff4cf5465543f9c71876a03e1{\npadding-bottom:10px;\n}\nbody .av-special-heading.av-av_heading-1985d42ff4cf5465543f9c71876a03e1 .av-special-heading-tag .heading-char{\nfont-size:25px;\n}\n.av-special-heading.av-av_heading-1985d42ff4cf5465543f9c71876a03e1 .av-subheading{\nfont-size:15px;\n}\n<\/style>\n<div  class='av-special-heading av-av_heading-1985d42ff4cf5465543f9c71876a03e1 av-special-heading-h3 blockquote modern-quote  avia-builder-el-5  el_after_av_textblock  el_before_av_textblock '><h3 class='av-special-heading-tag '  itemprop=\"headline\"  >PRODUCT ADVANTAGES<\/h3><div class=\"special-heading-border\"><div class=\"special-heading-inner-border\"><\/div><\/div><\/div><br \/>\n<section  class='av_textblock_section av-av_textblock-0366cc7376be6c9e82a3e9cc8987b64f '   itemscope=\"itemscope\" itemtype=\"https:\/\/schema.org\/CreativeWork\" ><div class='avia_textblock'  itemprop=\"text\" ><ul>\n<li>Effective and robust insulation<\/li>\n<li>Fire-resistant<\/li>\n<li>Stable and durable<\/li>\n<li>Retention and safety<\/li>\n<li>Resistance and seal<\/li>\n<\/ul>\n<\/div><\/section><\/p><\/div>\n\n<style type=\"text\/css\" data-created_by=\"avia_inline_auto\" id=\"style-css-av-av_one_full-9497bbf8bff73ea4c6992cc17fa9ec36\">\n.flex_column.av-av_one_full-9497bbf8bff73ea4c6992cc17fa9ec36{\nborder-radius:0px 0px 0px 0px;\npadding:0px 0px 0px 0px;\n}\n<\/style>\n<div  class='flex_column av-av_one_full-9497bbf8bff73ea4c6992cc17fa9ec36 av_one_full  avia-builder-el-7  el_after_av_one_half  el_before_av_one_third  first flex_column_div av-zero-column-padding  column-top-margin'     ><style type=\"text\/css\" data-created_by=\"avia_inline_auto\" id=\"style-css-av-av_heading-ddb9e7ce93c2c44c80d3d5d318e2642c\">\n#top .av-special-heading.av-av_heading-ddb9e7ce93c2c44c80d3d5d318e2642c{\npadding-bottom:2px;\ncolor:#44444;\n}\nbody .av-special-heading.av-av_heading-ddb9e7ce93c2c44c80d3d5d318e2642c .av-special-heading-tag .heading-char{\nfont-size:25px;\n}\n.av-special-heading.av-av_heading-ddb9e7ce93c2c44c80d3d5d318e2642c .special-heading-inner-border{\nborder-color:#44444;\n}\n.av-special-heading.av-av_heading-ddb9e7ce93c2c44c80d3d5d318e2642c .av-subheading{\nfont-size:15px;\n}\n<\/style>\n<div  class='av-special-heading av-av_heading-ddb9e7ce93c2c44c80d3d5d318e2642c av-special-heading-h2 custom-color-heading blockquote modern-quote  avia-builder-el-8  avia-builder-el-no-sibling '><h2 class='av-special-heading-tag '  itemprop=\"headline\"  >Other products<\/h2><div class=\"special-heading-border\"><div class=\"special-heading-inner-border\"><\/div><\/div><\/div><\/div>\n\n<style type=\"text\/css\" data-created_by=\"avia_inline_auto\" id=\"style-css-av-av_one_third-9497bbf8bff73ea4c6992cc17fa9ec36\">\n.flex_column.av-av_one_third-9497bbf8bff73ea4c6992cc17fa9ec36{\nborder-radius:0px 0px 0px 0px;\npadding:0px 0px 0px 0px;\n}\n<\/style>\n<div  class='flex_column av-av_one_third-9497bbf8bff73ea4c6992cc17fa9ec36 av_one_third  avia-builder-el-9  el_after_av_one_full  el_before_av_one_third  first flex_column_div av-zero-column-padding  column-top-margin'     ><p>\n<style type=\"text\/css\" data-created_by=\"avia_inline_auto\" id=\"style-css-av-av_image-d6f5dec5ff967e7a6371d9096b9fe94d\">\n.avia-image-container.av-av_image-d6f5dec5ff967e7a6371d9096b9fe94d img.avia_image{\nbox-shadow:none;\n}\n.avia-image-container.av-av_image-d6f5dec5ff967e7a6371d9096b9fe94d .av-image-caption-overlay-center{\ncolor:#ffffff;\n}\n<\/style>\n<div  class='avia-image-container av-av_image-d6f5dec5ff967e7a6371d9096b9fe94d av-styling- av-img-linked avia-align-center  avia-builder-el-10  el_before_av_textblock  avia-builder-el-first '   itemprop=\"image\" itemscope=\"itemscope\" itemtype=\"https:\/\/schema.org\/ImageObject\" ><div class=\"avia-image-container-inner\"><div class=\"avia-image-overlay-wrap\"><a href=\"https:\/\/www.grouperose.com\/en\/our-companies\/rose-charpente\/what-we-offer\/related-products\/regulr\/\" class='avia_image '  aria-label='Regulr-600-x-600'><img decoding=\"async\" fetchpriority=\"high\" class='wp-image-4431 avia-img-lazy-loading-not-4431 avia_image ' src=\"https:\/\/www.grouperose.com\/wp-content\/uploads\/2017\/01\/Regulr-600-x-600-1.jpg\" alt='' title='Regulr-600-x-600'  height=\"600\" width=\"600\"  itemprop=\"thumbnailUrl\" srcset=\"https:\/\/www.grouperose.com\/wp-content\/uploads\/2017\/01\/Regulr-600-x-600-1.jpg 600w, https:\/\/www.grouperose.com\/wp-content\/uploads\/2017\/01\/Regulr-600-x-600-1-80x80.jpg 80w, https:\/\/www.grouperose.com\/wp-content\/uploads\/2017\/01\/Regulr-600-x-600-1-300x300.jpg 300w, https:\/\/www.grouperose.com\/wp-content\/uploads\/2017\/01\/Regulr-600-x-600-1-36x36.jpg 36w, https:\/\/www.grouperose.com\/wp-content\/uploads\/2017\/01\/Regulr-600-x-600-1-180x180.jpg 180w, https:\/\/www.grouperose.com\/wp-content\/uploads\/2017\/01\/Regulr-600-x-600-1-120x120.jpg 120w, https:\/\/www.grouperose.com\/wp-content\/uploads\/2017\/01\/Regulr-600-x-600-1-450x450.jpg 450w\" sizes=\"(max-width: 600px) 100vw, 600px\" \/><\/a><\/div><\/div><\/div><br \/>\n<section  class='av_textblock_section av-av_textblock-0366cc7376be6c9e82a3e9cc8987b64f '   itemscope=\"itemscope\" itemtype=\"https:\/\/schema.org\/CreativeWork\" ><div class='avia_textblock'  itemprop=\"text\" ><p>Regul&#8217;R<\/p>\n<\/div><\/section><\/p><\/div>\n<style type=\"text\/css\" data-created_by=\"avia_inline_auto\" id=\"style-css-av-av_one_third-9c1d454dc06f7247226bc4e8f931daae\">\n.flex_column.av-av_one_third-9c1d454dc06f7247226bc4e8f931daae{\nborder-radius:0px 0px 0px 0px;\npadding:0px 0px 0px 0px;\n}\n<\/style>\n<div  class='flex_column av-av_one_third-9c1d454dc06f7247226bc4e8f931daae av_one_third  avia-builder-el-12  el_after_av_one_third  el_before_av_one_third  flex_column_div av-zero-column-padding  column-top-margin'     ><p>\n<style type=\"text\/css\" data-created_by=\"avia_inline_auto\" id=\"style-css-av-av_image-9d8263beb89db40994856f2b22a8cea1\">\n.avia-image-container.av-av_image-9d8263beb89db40994856f2b22a8cea1 img.avia_image{\nbox-shadow:none;\n}\n.avia-image-container.av-av_image-9d8263beb89db40994856f2b22a8cea1 .av-image-caption-overlay-center{\ncolor:#ffffff;\n}\n<\/style>\n<div  class='avia-image-container av-av_image-9d8263beb89db40994856f2b22a8cea1 av-styling- av-img-linked avia-align-center  avia-builder-el-13  el_before_av_textblock  avia-builder-el-first '   itemprop=\"image\" itemscope=\"itemscope\" itemtype=\"https:\/\/schema.org\/ImageObject\" ><div class=\"avia-image-container-inner\"><div class=\"avia-image-overlay-wrap\"><a href=\"https:\/\/www.grouperose.com\/en\/our-companies\/rose-charpente\/what-we-offer\/related-products\/fludr\/\" class='avia_image '  aria-label='fludrsystem-photo-600x600'><img decoding=\"async\" fetchpriority=\"high\" class='wp-image-3836 avia-img-lazy-loading-not-3836 avia_image ' src=\"https:\/\/www.grouperose.com\/wp-content\/uploads\/2012\/01\/FLUDRsystem-photo-600x600.jpg\" alt='' title='fludrsystem-photo-600x600'  height=\"600\" width=\"600\"  itemprop=\"thumbnailUrl\" srcset=\"https:\/\/www.grouperose.com\/wp-content\/uploads\/2012\/01\/FLUDRsystem-photo-600x600.jpg 600w, https:\/\/www.grouperose.com\/wp-content\/uploads\/2012\/01\/FLUDRsystem-photo-600x600-80x80.jpg 80w, https:\/\/www.grouperose.com\/wp-content\/uploads\/2012\/01\/FLUDRsystem-photo-600x600-300x300.jpg 300w, https:\/\/www.grouperose.com\/wp-content\/uploads\/2012\/01\/FLUDRsystem-photo-600x600-36x36.jpg 36w, https:\/\/www.grouperose.com\/wp-content\/uploads\/2012\/01\/FLUDRsystem-photo-600x600-180x180.jpg 180w, https:\/\/www.grouperose.com\/wp-content\/uploads\/2012\/01\/FLUDRsystem-photo-600x600-120x120.jpg 120w, https:\/\/www.grouperose.com\/wp-content\/uploads\/2012\/01\/FLUDRsystem-photo-600x600-450x450.jpg 450w\" sizes=\"(max-width: 600px) 100vw, 600px\" \/><\/a><\/div><\/div><\/div><br \/>\n<section  class='av_textblock_section av-av_textblock-0366cc7376be6c9e82a3e9cc8987b64f '   itemscope=\"itemscope\" itemtype=\"https:\/\/schema.org\/CreativeWork\" ><div class='avia_textblock'  itemprop=\"text\" ><p>Flud&#8217;R<\/p>\n<\/div><\/section><\/p><\/div>\n<style type=\"text\/css\" data-created_by=\"avia_inline_auto\" id=\"style-css-av-av_one_third-9c1d454dc06f7247226bc4e8f931daae\">\n.flex_column.av-av_one_third-9c1d454dc06f7247226bc4e8f931daae{\nborder-radius:0px 0px 0px 0px;\npadding:0px 0px 0px 0px;\n}\n<\/style>\n<div  class='flex_column av-av_one_third-9c1d454dc06f7247226bc4e8f931daae av_one_third  avia-builder-el-15  el_after_av_one_third  avia-builder-el-last  flex_column_div av-zero-column-padding  column-top-margin'     ><p>\n<style type=\"text\/css\" data-created_by=\"avia_inline_auto\" id=\"style-css-av-av_image-491a657ee986525f263b449966e2adb4\">\n.avia-image-container.av-av_image-491a657ee986525f263b449966e2adb4 img.avia_image{\nbox-shadow:none;\n}\n.avia-image-container.av-av_image-491a657ee986525f263b449966e2adb4 .av-image-caption-overlay-center{\ncolor:#ffffff;\n}\n<\/style>\n<div  class='avia-image-container av-av_image-491a657ee986525f263b449966e2adb4 av-styling- av-img-linked avia-align-center  avia-builder-el-16  el_before_av_textblock  avia-builder-el-first '   itemprop=\"image\" itemscope=\"itemscope\" itemtype=\"https:\/\/schema.org\/ImageObject\" ><div class=\"avia-image-container-inner\"><div class=\"avia-image-overlay-wrap\"><a href=\"https:\/\/www.grouperose.com\/en\/our-companies\/rose-charpente\/what-we-offer\/related-products\/difulr\/\" class='avia_image '  aria-label='flud-r-600x600'><img decoding=\"async\" fetchpriority=\"high\" class='wp-image-3927 avia-img-lazy-loading-not-3927 avia_image ' src=\"https:\/\/www.grouperose.com\/wp-content\/uploads\/2016\/12\/FLUD-R-600x600.jpg\" alt='' title='flud-r-600x600'  height=\"600\" width=\"600\"  itemprop=\"thumbnailUrl\" srcset=\"https:\/\/www.grouperose.com\/wp-content\/uploads\/2016\/12\/FLUD-R-600x600.jpg 600w, https:\/\/www.grouperose.com\/wp-content\/uploads\/2016\/12\/FLUD-R-600x600-80x80.jpg 80w, https:\/\/www.grouperose.com\/wp-content\/uploads\/2016\/12\/FLUD-R-600x600-300x300.jpg 300w, https:\/\/www.grouperose.com\/wp-content\/uploads\/2016\/12\/FLUD-R-600x600-36x36.jpg 36w, https:\/\/www.grouperose.com\/wp-content\/uploads\/2016\/12\/FLUD-R-600x600-180x180.jpg 180w, https:\/\/www.grouperose.com\/wp-content\/uploads\/2016\/12\/FLUD-R-600x600-120x120.jpg 120w, https:\/\/www.grouperose.com\/wp-content\/uploads\/2016\/12\/FLUD-R-600x600-450x450.jpg 450w\" sizes=\"(max-width: 600px) 100vw, 600px\" \/><\/a><\/div><\/div><\/div><br \/>\n<section  class='av_textblock_section av-av_textblock-0366cc7376be6c9e82a3e9cc8987b64f '   itemscope=\"itemscope\" itemtype=\"https:\/\/schema.org\/CreativeWork\" ><div class='avia_textblock'  itemprop=\"text\" ><p>Diful&#8217;R<\/p>\n<\/div><\/section><\/p><\/div><\/p>\n","protected":false},"excerpt":{"rendered":"","protected":false},"author":1,"featured_media":0,"parent":5328,"menu_order":4,"comment_status":"closed","ping_status":"closed","template":"","meta":{"_acf_changed":false,"footnotes":"","_links_to":"","_links_to_target":""},"class_list":["post-5338","page","type-page","status-publish","hentry"],"acf":[],"_links":{"self":[{"href":"https:\/\/www.grouperose.com\/en\/wp-json\/wp\/v2\/pages\/5338","targetHints":{"allow":["GET"]}}],"collection":[{"href":"https:\/\/www.grouperose.com\/en\/wp-json\/wp\/v2\/pages"}],"about":[{"href":"https:\/\/www.grouperose.com\/en\/wp-json\/wp\/v2\/types\/page"}],"author":[{"embeddable":true,"href":"https:\/\/www.grouperose.com\/en\/wp-json\/wp\/v2\/users\/1"}],"replies":[{"embeddable":true,"href":"https:\/\/www.grouperose.com\/en\/wp-json\/wp\/v2\/comments?post=5338"}],"version-history":[{"count":0,"href":"https:\/\/www.grouperose.com\/en\/wp-json\/wp\/v2\/pages\/5338\/revisions"}],"up":[{"embeddable":true,"href":"https:\/\/www.grouperose.com\/en\/wp-json\/wp\/v2\/pages\/5328"}],"wp:attachment":[{"href":"https:\/\/www.grouperose.com\/en\/wp-json\/wp\/v2\/media?parent=5338"}],"curies":[{"name":"wp","href":"https:\/\/api.w.org\/{rel}","templated":true}]}}