{"id":5442,"date":"2017-03-09T15:30:42","date_gmt":"2017-03-09T14:30:42","guid":{"rendered":"https:\/\/www.grouperose.com\/?page_id=5442\/"},"modified":"2017-03-09T16:49:41","modified_gmt":"2017-03-09T15:49:41","slug":"credits-and-legal-notices","status":"publish","type":"page","link":"https:\/\/www.grouperose.com\/en\/credits-and-legal-notices\/","title":{"rendered":"Credits and legal notices"},"content":{"rendered":"<p><strong>Documents, colours, diagrams and photos not contractually binding. Presentation suggestions. Quantities given as an indication.<\/strong><\/p>\n<p>\u00a9ROSE GROUP\u2013 All rights reserved \u2013 Content protected by copyright \u2013 Reproduction prohibited.<\/p>\n<h2>HEADQUARTERS<\/h2>\n<p>ROSE GROUP<\/p>\n<p><span style=\"color: #646567;\">Zone du Ventou\u00e9<br \/>\nLa D\u00e9hanne BP 90322<br \/>\n22403 LAMBALLE Cedex<br \/>\nT\u00e9l. 02 96 501 060<br \/>\nFax. 02 96 347 835<\/span><\/p>\n<p><span style=\"color: #646567;\"><a href=\"mailto:contact@protacouest.com\">contact@grouperose.com<\/a><\/span><\/p>\n<p><span style=\"color: #646567;\">Simplified joint stock company with a share capital of 500,000.00 \u20ac, registered at the Saint Brieuc company registration office under n\u00b0347 688 756\u00a0<\/span><\/p>\n<p><span style=\"color: #646567;\">Individual identification number: FR60 347 688 756<\/span><br \/>\n<span style=\"color: #646567;\">Director of publication: Guy Pringault <\/span><br \/>\n<span style=\"color: #646567;\">and\/or Chief editor: David Grimault<\/span><\/p>\n<p><span style=\"color: #646567;\">Cr\u00e9dits photos :\u00a0\u00a9GROUP ROSE<\/span><\/p>\n<h2>WEB AGENCY<\/h2>\n<p>The ROSE Group web site was designed and developed by Inodia agency<br \/>\n<span style=\"color: #646567;\">6 Bis Les Portes Plouais<br \/>\n22400 Lamballe<\/span><br \/>\n<span style=\"color: #646567;\">Tel : 02 96 30 22 30<\/span><br \/>\ncontact@inodia.fr<\/p>\n<h2>HOST<\/h2>\n<p>In compliance with article 15 of the French n\u00b078-17 Act of 6th January 1978 on Data Privacy, this web site has been declared to the National Data Privacy Commission.<\/p>\n<p>The user hereby declares having read the above information before using the web site. By choosing to access the web site, they explicitly and irrevocably accept the terms and conditions below.<\/p>\n<h2>DATA PRIVACY<\/h2>\n<p>In compliance with the French n\u00b078-17 Act of 6th January 1978 covering Data Privacy, amended by the 6th August 2004 act to protect private persons relative to personal data processing, you have a right to access, correct and delete your personal data that can be exercised by writing to ROSE Group either by letter (address above) or by email to<br \/>\ncontact@grouperose.com<\/p>\n<h2>COPYRIGHT<\/h2>\n<p>(texts, photos, \u2026)<\/p>\n<p>The photographs, texts, slogans, drawings, images, videos, animated sequences with or without sound, as well as all works included on the web site, are the property of ROSE Group or of third parties who have authorised ROSE Group to use them.<\/p>\n<p>The logos, icons and graphic buttons shown on the site are copyright protected and protected under articles L.511.1 and following of the French Intellectual Property Code covering the protection of registered trademarks.<\/p>\n<p>Reproductions, on paper or electronic formats, of the said site and the works it contains are authorised on condition that they are for strictly personal use, to the exclusion of any use for advertising and\/or commercial purposes, and\/or information purposes and\/or that they are compliant with the terms of article L.122-5 of the French Intellectual Property Code.<\/p>\n<p>Except for the above terms, any copy, representation, use or alteration, using any technique and on any support, of all or part of the site, or all or part of the works that compose it, without prior written permission from ROSE Group is strictly prohibited and is an infringement that may lead to civil and criminal proceedings and the payment of damages.<\/p>\n<h2>LIABILITIES<\/h2>\n<p>ROSE Group declines all liability for the content of sites to which it provides a link.<\/p>\n<p>Whatever the type of link from an outside web site, so-called \u2018linking site\u2019, to the ROSE Group site, ROSE Group reserves the right to refuse its use.<\/p>\n<p>Neither ROSE Group, nor a third party involved in the creation of this site, can be held liable for eventual damage, whether direct or indirect, caused by the access, or difficulty in accessing this site, or for the use that is made of it, including for viruses likely to contaminate the user\u2019s computer hardware configuration.<\/p>\n<p>The information on this site is supplied \u201cas such\u201d without any explicit or implicit guarantee relative to the use of this publication.<\/p>\n<p>The information on this site may contain errors or inexactitudes. ROSE Group reserves the right to make changes and improvements to the products and programmes described on its site at all times without notice.<\/p>\n<h3>Your attention<\/h3>\n<p>Remember that it is not possible to guarantee the confidentiality of messages sent over the internet. Therefore, if you wish to send a message in the best security conditions, we recommend using the postal service.<\/p>\n<p>&nbsp;<\/p>\n","protected":false},"excerpt":{"rendered":"<p>Documents, colours, diagrams and photos not contractually binding. Presentation suggestions. Quantities given as an indication. \u00a9ROSE GROUP\u2013 All rights reserved \u2013 Content protected by copyright \u2013 Reproduction prohibited. HEADQUARTERS ROSE GROUP Zone du Ventou\u00e9 La D\u00e9hanne BP 90322 22403 LAMBALLE Cedex T\u00e9l. 02 96 501 060 Fax. 02 96 347 835 contact@grouperose.com Simplified joint stock [&hellip;]<\/p>\n","protected":false},"author":1,"featured_media":0,"parent":0,"menu_order":20,"comment_status":"closed","ping_status":"closed","template":"","meta":{"_acf_changed":false,"footnotes":"","_links_to":"","_links_to_target":""},"class_list":["post-5442","page","type-page","status-publish","hentry"],"acf":[],"_links":{"self":[{"href":"https:\/\/www.grouperose.com\/en\/wp-json\/wp\/v2\/pages\/5442","targetHints":{"allow":["GET"]}}],"collection":[{"href":"https:\/\/www.grouperose.com\/en\/wp-json\/wp\/v2\/pages"}],"about":[{"href":"https:\/\/www.grouperose.com\/en\/wp-json\/wp\/v2\/types\/page"}],"author":[{"embeddable":true,"href":"https:\/\/www.grouperose.com\/en\/wp-json\/wp\/v2\/users\/1"}],"replies":[{"embeddable":true,"href":"https:\/\/www.grouperose.com\/en\/wp-json\/wp\/v2\/comments?post=5442"}],"version-history":[{"count":0,"href":"https:\/\/www.grouperose.com\/en\/wp-json\/wp\/v2\/pages\/5442\/revisions"}],"wp:attachment":[{"href":"https:\/\/www.grouperose.com\/en\/wp-json\/wp\/v2\/media?parent=5442"}],"curies":[{"name":"wp","href":"https:\/\/api.w.org\/{rel}","templated":true}]}}